{"id":3492,"date":"2023-07-17T15:42:12","date_gmt":"2023-07-17T13:42:12","guid":{"rendered":"https:\/\/new.jahodovemesto.sk\/cart\/"},"modified":"2023-08-04T11:27:28","modified_gmt":"2023-08-04T09:27:28","slug":"cart","status":"publish","type":"page","link":"https:\/\/jahodovemesto.sk\/en\/cart\/","title":{"rendered":"Cart"},"content":{"rendered":"\t\t<div data-elementor-type=\"wp-page\" data-elementor-id=\"3492\" class=\"elementor elementor-3492 elementor-3485\" data-elementor-post-type=\"page\">\n\t\t\t\t\t\t\t\t\t<section class=\"elementor-section elementor-top-section elementor-element elementor-element-42386a96 elementor-section-boxed elementor-section-height-default elementor-section-height-default\" data-id=\"42386a96\" data-element_type=\"section\" data-settings=\"{&quot;background_background&quot;:&quot;classic&quot;,&quot;jet_parallax_layout_list&quot;:[]}\">\n\t\t\t\t\t\t<div class=\"elementor-container elementor-column-gap-default\">\n\t\t\t\t\t<div class=\"elementor-column elementor-col-100 elementor-top-column elementor-element elementor-element-54afe6f9\" data-id=\"54afe6f9\" data-element_type=\"column\">\n\t\t\t<div class=\"elementor-widget-wrap elementor-element-populated\">\n\t\t\t\t\t\t\t\t\t<\/div>\n\t\t<\/div>\n\t\t\t\t\t\t\t<\/div>\n\t\t<\/section>\n\t\t\t\t<section class=\"elementor-section elementor-top-section elementor-element elementor-element-20b7b9f6 elementor-section-boxed elementor-section-height-default elementor-section-height-default\" data-id=\"20b7b9f6\" data-element_type=\"section\" data-settings=\"{&quot;jet_parallax_layout_list&quot;:[]}\">\n\t\t\t\t\t\t<div class=\"elementor-container elementor-column-gap-default\">\n\t\t\t\t\t<div class=\"elementor-column elementor-col-100 elementor-top-column elementor-element elementor-element-7b0fc8cf\" data-id=\"7b0fc8cf\" data-element_type=\"column\">\n\t\t\t<div class=\"elementor-widget-wrap elementor-element-populated\">\n\t\t\t\t\t\t\t\t\t<\/div>\n\t\t<\/div>\n\t\t\t\t\t\t\t<\/div>\n\t\t<\/section>\n\t\t\t\t\t\t\t<\/div>\n\t\t","protected":false},"excerpt":{"rendered":"<p>Produkt, ktor\u00fd u\u017e nieje dostupn\u00fd, bol odobran\u00fd z v\u00e1\u0161ho ko\u0161\u00edka. V\u00e1\u0161 ko\u0161\u00edk je pr\u00e1zdny. Vr\u00e1ti\u0165 sa do obchodu<\/p>\n","protected":false},"author":1,"featured_media":0,"parent":0,"menu_order":0,"comment_status":"closed","ping_status":"closed","template":"","meta":{"footnotes":""},"categories":[],"tags":[],"class_list":["post-3492","page","type-page","status-publish","hentry"],"acf":[],"yoast_head":"<!-- This site is optimized with the Yoast SEO plugin v20.13 - https:\/\/yoast.com\/wordpress\/plugins\/seo\/ -->\n<title>Cart - Jahodov\u00e9 mesto<\/title>\n<meta name=\"robots\" content=\"index, follow, max-snippet:-1, max-image-preview:large, max-video-preview:-1\" \/>\n<link rel=\"canonical\" href=\"https:\/\/jahodovemesto.sk\/en\/cart\/\" \/>\n<meta property=\"og:locale\" content=\"en_US\" \/>\n<meta property=\"og:type\" content=\"article\" \/>\n<meta property=\"og:title\" content=\"Cart - Jahodov\u00e9 mesto\" \/>\n<meta property=\"og:description\" content=\"Produkt, ktor\u00fd u\u017e nieje dostupn\u00fd, bol odobran\u00fd z v\u00e1\u0161ho ko\u0161\u00edka. V\u00e1\u0161 ko\u0161\u00edk je pr\u00e1zdny. Vr\u00e1ti\u0165 sa do obchodu\" \/>\n<meta property=\"og:url\" content=\"https:\/\/jahodovemesto.sk\/en\/cart\/\" \/>\n<meta property=\"og:site_name\" content=\"Jahodov\u00e9 mesto\" \/>\n<meta property=\"article:modified_time\" content=\"2023-08-04T09:27:28+00:00\" \/>\n<meta name=\"twitter:card\" content=\"summary_large_image\" \/>\n<script type=\"application\/ld+json\" class=\"yoast-schema-graph\">{\"@context\":\"https:\/\/schema.org\",\"@graph\":[{\"@type\":\"WebPage\",\"@id\":\"https:\/\/jahodovemesto.sk\/en\/cart\/\",\"url\":\"https:\/\/jahodovemesto.sk\/en\/cart\/\",\"name\":\"Cart - Jahodov\u00e9 mesto\",\"isPartOf\":{\"@id\":\"https:\/\/jahodovemesto.sk\/#website\"},\"datePublished\":\"2023-07-17T13:42:12+00:00\",\"dateModified\":\"2023-08-04T09:27:28+00:00\",\"breadcrumb\":{\"@id\":\"https:\/\/jahodovemesto.sk\/en\/cart\/#breadcrumb\"},\"inLanguage\":\"en-US\",\"potentialAction\":[{\"@type\":\"ReadAction\",\"target\":[\"https:\/\/jahodovemesto.sk\/en\/cart\/\"]}]},{\"@type\":\"BreadcrumbList\",\"@id\":\"https:\/\/jahodovemesto.sk\/en\/cart\/#breadcrumb\",\"itemListElement\":[{\"@type\":\"ListItem\",\"position\":1,\"name\":\"Domovsk\u00e1 str\u00e1nka\",\"item\":\"https:\/\/jahodovemesto.sk\/en\/\"},{\"@type\":\"ListItem\",\"position\":2,\"name\":\"Cart\"}]},{\"@type\":\"WebSite\",\"@id\":\"https:\/\/jahodovemesto.sk\/#website\",\"url\":\"https:\/\/jahodovemesto.sk\/\",\"name\":\"Jahodov\u00e9 mesto\",\"description\":\"\",\"potentialAction\":[{\"@type\":\"SearchAction\",\"target\":{\"@type\":\"EntryPoint\",\"urlTemplate\":\"https:\/\/jahodovemesto.sk\/?s={search_term_string}\"},\"query-input\":\"required name=search_term_string\"}],\"inLanguage\":\"en-US\"}]}<\/script>\n<!-- \/ Yoast SEO plugin. -->","yoast_head_json":{"title":"Cart - Jahodov\u00e9 mesto","robots":{"index":"index","follow":"follow","max-snippet":"max-snippet:-1","max-image-preview":"max-image-preview:large","max-video-preview":"max-video-preview:-1"},"canonical":"https:\/\/jahodovemesto.sk\/en\/cart\/","og_locale":"en_US","og_type":"article","og_title":"Cart - Jahodov\u00e9 mesto","og_description":"Produkt, ktor\u00fd u\u017e nieje dostupn\u00fd, bol odobran\u00fd z v\u00e1\u0161ho ko\u0161\u00edka. V\u00e1\u0161 ko\u0161\u00edk je pr\u00e1zdny. Vr\u00e1ti\u0165 sa do obchodu","og_url":"https:\/\/jahodovemesto.sk\/en\/cart\/","og_site_name":"Jahodov\u00e9 mesto","article_modified_time":"2023-08-04T09:27:28+00:00","twitter_card":"summary_large_image","schema":{"@context":"https:\/\/schema.org","@graph":[{"@type":"WebPage","@id":"https:\/\/jahodovemesto.sk\/en\/cart\/","url":"https:\/\/jahodovemesto.sk\/en\/cart\/","name":"Cart - Jahodov\u00e9 mesto","isPartOf":{"@id":"https:\/\/jahodovemesto.sk\/#website"},"datePublished":"2023-07-17T13:42:12+00:00","dateModified":"2023-08-04T09:27:28+00:00","breadcrumb":{"@id":"https:\/\/jahodovemesto.sk\/en\/cart\/#breadcrumb"},"inLanguage":"en-US","potentialAction":[{"@type":"ReadAction","target":["https:\/\/jahodovemesto.sk\/en\/cart\/"]}]},{"@type":"BreadcrumbList","@id":"https:\/\/jahodovemesto.sk\/en\/cart\/#breadcrumb","itemListElement":[{"@type":"ListItem","position":1,"name":"Domovsk\u00e1 str\u00e1nka","item":"https:\/\/jahodovemesto.sk\/en\/"},{"@type":"ListItem","position":2,"name":"Cart"}]},{"@type":"WebSite","@id":"https:\/\/jahodovemesto.sk\/#website","url":"https:\/\/jahodovemesto.sk\/","name":"Jahodov\u00e9 mesto","description":"","potentialAction":[{"@type":"SearchAction","target":{"@type":"EntryPoint","urlTemplate":"https:\/\/jahodovemesto.sk\/?s={search_term_string}"},"query-input":"required name=search_term_string"}],"inLanguage":"en-US"}]}},"_links":{"self":[{"href":"https:\/\/jahodovemesto.sk\/en\/wp-json\/wp\/v2\/pages\/3492","targetHints":{"allow":["GET"]}}],"collection":[{"href":"https:\/\/jahodovemesto.sk\/en\/wp-json\/wp\/v2\/pages"}],"about":[{"href":"https:\/\/jahodovemesto.sk\/en\/wp-json\/wp\/v2\/types\/page"}],"author":[{"embeddable":true,"href":"https:\/\/jahodovemesto.sk\/en\/wp-json\/wp\/v2\/users\/1"}],"replies":[{"embeddable":true,"href":"https:\/\/jahodovemesto.sk\/en\/wp-json\/wp\/v2\/comments?post=3492"}],"version-history":[{"count":5,"href":"https:\/\/jahodovemesto.sk\/en\/wp-json\/wp\/v2\/pages\/3492\/revisions"}],"predecessor-version":[{"id":4638,"href":"https:\/\/jahodovemesto.sk\/en\/wp-json\/wp\/v2\/pages\/3492\/revisions\/4638"}],"wp:attachment":[{"href":"https:\/\/jahodovemesto.sk\/en\/wp-json\/wp\/v2\/media?parent=3492"}],"wp:term":[{"taxonomy":"category","embeddable":true,"href":"https:\/\/jahodovemesto.sk\/en\/wp-json\/wp\/v2\/categories?post=3492"},{"taxonomy":"post_tag","embeddable":true,"href":"https:\/\/jahodovemesto.sk\/en\/wp-json\/wp\/v2\/tags?post=3492"}],"curies":[{"name":"wp","href":"https:\/\/api.w.org\/{rel}","templated":true}]}}