{"id":4736,"date":"2023-08-04T11:22:11","date_gmt":"2023-08-04T09:22:11","guid":{"rendered":"https:\/\/new.jahodovemesto.sk\/accommodation\/hotels\/"},"modified":"2023-08-11T16:01:45","modified_gmt":"2023-08-11T14:01:45","slug":"hotels","status":"publish","type":"page","link":"https:\/\/jahodovemesto.sk\/en\/accommodation\/hotels\/","title":{"rendered":"Hotels"},"content":{"rendered":"\t\t<div data-elementor-type=\"wp-page\" data-elementor-id=\"4736\" class=\"elementor elementor-4736 elementor-4617\" data-elementor-post-type=\"page\">\n\t\t\t\t\t\t\t\t\t<section class=\"elementor-section elementor-top-section elementor-element elementor-element-32b3b33b elementor-section-boxed elementor-section-height-default elementor-section-height-default\" data-id=\"32b3b33b\" data-element_type=\"section\" data-settings=\"{&quot;jet_parallax_layout_list&quot;:[]}\">\n\t\t\t\t\t\t<div class=\"elementor-container elementor-column-gap-default\">\n\t\t\t\t\t<div class=\"elementor-column elementor-col-100 elementor-top-column elementor-element elementor-element-5150df0f\" data-id=\"5150df0f\" data-element_type=\"column\">\n\t\t\t<div class=\"elementor-widget-wrap elementor-element-populated\">\n\t\t\t\t\t\t\t\t<div class=\"elementor-element elementor-element-1cffbac8 elementor-widget elementor-widget-text-editor\" data-id=\"1cffbac8\" data-element_type=\"widget\" data-widget_type=\"text-editor.default\">\n\t\t\t\t<div class=\"elementor-widget-container\">\n\t\t\t<style>\/*! elementor - v3.15.0 - 09-08-2023 *\/\n.elementor-widget-text-editor.elementor-drop-cap-view-stacked .elementor-drop-cap{background-color:#69727d;color:#fff}.elementor-widget-text-editor.elementor-drop-cap-view-framed .elementor-drop-cap{color:#69727d;border:3px solid;background-color:transparent}.elementor-widget-text-editor:not(.elementor-drop-cap-view-default) .elementor-drop-cap{margin-top:8px}.elementor-widget-text-editor:not(.elementor-drop-cap-view-default) .elementor-drop-cap-letter{width:1em;height:1em}.elementor-widget-text-editor .elementor-drop-cap{float:left;text-align:center;line-height:1;font-size:50px}.elementor-widget-text-editor .elementor-drop-cap-letter{display:inline-block}<\/style>\t\t\t\t<p>If you are interested in having your business displayed on our website, do not hesitate to contact us.<\/p>\n\t\t\t\t\t\t<\/div>\n\t\t\t\t<\/div>\n\t\t\t\t<div class=\"elementor-element elementor-element-322d93e0 elementor-align-center elementor-widget elementor-widget-button\" data-id=\"322d93e0\" data-element_type=\"widget\" data-widget_type=\"button.default\">\n\t\t\t\t<div class=\"elementor-widget-container\">\n\t\t\t\t\t<div class=\"elementor-button-wrapper\">\n\t\t\t<a class=\"elementor-button elementor-button-link elementor-size-sm\" href=\"https:\/\/jahodovemesto.sk\/en\/contact\/\">\n\t\t\t\t\t\t<span class=\"elementor-button-content-wrapper\">\n\t\t\t\t\t\t<span class=\"elementor-button-text\">Contact us<\/span>\n\t\t<\/span>\n\t\t\t\t\t<\/a>\n\t\t<\/div>\n\t\t\t\t<\/div>\n\t\t\t\t<\/div>\n\t\t\t\t\t<\/div>\n\t\t<\/div>\n\t\t\t\t\t\t\t<\/div>\n\t\t<\/section>\n\t\t\t\t\t\t\t<\/div>\n\t\t","protected":false},"excerpt":{"rendered":"<p>If you are interested in having your business displayed on our website, do not hesitate to contact us. Contact us<\/p>\n","protected":false},"author":1,"featured_media":0,"parent":4729,"menu_order":0,"comment_status":"closed","ping_status":"closed","template":"","meta":{"footnotes":""},"categories":[],"tags":[],"class_list":["post-4736","page","type-page","status-publish","hentry"],"acf":[],"yoast_head":"<!-- This site is optimized with the Yoast SEO plugin v20.13 - https:\/\/yoast.com\/wordpress\/plugins\/seo\/ -->\n<title>Hotels in Pre\u0161ov | Pre\u0161ov - Strawberry city<\/title>\n<meta name=\"description\" content=\"Hotels in Pre\u0161ov of the highest quality. See the list of facilities and choose accommodation in the unique Strawberry city.\" \/>\n<meta name=\"robots\" content=\"index, follow, max-snippet:-1, max-image-preview:large, max-video-preview:-1\" \/>\n<link rel=\"canonical\" href=\"https:\/\/jahodovemesto.sk\/en\/accommodation\/hotels\/\" \/>\n<meta property=\"og:locale\" content=\"en_US\" \/>\n<meta property=\"og:type\" content=\"article\" \/>\n<meta property=\"og:title\" content=\"Hotels in Pre\u0161ov | Pre\u0161ov - Strawberry city\" \/>\n<meta property=\"og:description\" content=\"Hotels in Pre\u0161ov of the highest quality. See the list of facilities and choose accommodation in the unique Strawberry city.\" \/>\n<meta property=\"og:url\" content=\"https:\/\/jahodovemesto.sk\/en\/accommodation\/hotels\/\" \/>\n<meta property=\"og:site_name\" content=\"Jahodov\u00e9 mesto\" \/>\n<meta property=\"article:modified_time\" content=\"2023-08-11T14:01:45+00:00\" \/>\n<meta name=\"twitter:card\" content=\"summary_large_image\" \/>\n<meta name=\"twitter:title\" content=\"Hotels in Pre\u0161ov | Pre\u0161ov - Strawberry city\" \/>\n<meta name=\"twitter:description\" content=\"Hotels in Pre\u0161ov of the highest quality. See the list of facilities and choose accommodation in the unique Strawberry city.\" \/>\n<meta name=\"twitter:label1\" content=\"Est. reading time\" \/>\n\t<meta name=\"twitter:data1\" content=\"1 minute\" \/>\n<script type=\"application\/ld+json\" class=\"yoast-schema-graph\">{\"@context\":\"https:\/\/schema.org\",\"@graph\":[{\"@type\":\"WebPage\",\"@id\":\"https:\/\/jahodovemesto.sk\/en\/accommodation\/hotels\/\",\"url\":\"https:\/\/jahodovemesto.sk\/en\/accommodation\/hotels\/\",\"name\":\"Hotels in Pre\u0161ov | Pre\u0161ov - Strawberry city\",\"isPartOf\":{\"@id\":\"https:\/\/jahodovemesto.sk\/#website\"},\"datePublished\":\"2023-08-04T09:22:11+00:00\",\"dateModified\":\"2023-08-11T14:01:45+00:00\",\"description\":\"Hotels in Pre\u0161ov of the highest quality. See the list of facilities and choose accommodation in the unique Strawberry city.\",\"breadcrumb\":{\"@id\":\"https:\/\/jahodovemesto.sk\/en\/accommodation\/hotels\/#breadcrumb\"},\"inLanguage\":\"en-US\",\"potentialAction\":[{\"@type\":\"ReadAction\",\"target\":[\"https:\/\/jahodovemesto.sk\/en\/accommodation\/hotels\/\"]}]},{\"@type\":\"BreadcrumbList\",\"@id\":\"https:\/\/jahodovemesto.sk\/en\/accommodation\/hotels\/#breadcrumb\",\"itemListElement\":[{\"@type\":\"ListItem\",\"position\":1,\"name\":\"Domovsk\u00e1 str\u00e1nka\",\"item\":\"https:\/\/jahodovemesto.sk\/en\/\"},{\"@type\":\"ListItem\",\"position\":2,\"name\":\"Accommodation\",\"item\":\"https:\/\/jahodovemesto.sk\/en\/accommodation\/\"},{\"@type\":\"ListItem\",\"position\":3,\"name\":\"Hotels\"}]},{\"@type\":\"WebSite\",\"@id\":\"https:\/\/jahodovemesto.sk\/#website\",\"url\":\"https:\/\/jahodovemesto.sk\/\",\"name\":\"Jahodov\u00e9 mesto\",\"description\":\"\",\"potentialAction\":[{\"@type\":\"SearchAction\",\"target\":{\"@type\":\"EntryPoint\",\"urlTemplate\":\"https:\/\/jahodovemesto.sk\/?s={search_term_string}\"},\"query-input\":\"required name=search_term_string\"}],\"inLanguage\":\"en-US\"}]}<\/script>\n<!-- \/ Yoast SEO plugin. -->","yoast_head_json":{"title":"Hotels in Pre\u0161ov | Pre\u0161ov - Strawberry city","description":"Hotels in Pre\u0161ov of the highest quality. See the list of facilities and choose accommodation in the unique Strawberry city.","robots":{"index":"index","follow":"follow","max-snippet":"max-snippet:-1","max-image-preview":"max-image-preview:large","max-video-preview":"max-video-preview:-1"},"canonical":"https:\/\/jahodovemesto.sk\/en\/accommodation\/hotels\/","og_locale":"en_US","og_type":"article","og_title":"Hotels in Pre\u0161ov | Pre\u0161ov - Strawberry city","og_description":"Hotels in Pre\u0161ov of the highest quality. See the list of facilities and choose accommodation in the unique Strawberry city.","og_url":"https:\/\/jahodovemesto.sk\/en\/accommodation\/hotels\/","og_site_name":"Jahodov\u00e9 mesto","article_modified_time":"2023-08-11T14:01:45+00:00","twitter_card":"summary_large_image","twitter_title":"Hotels in Pre\u0161ov | Pre\u0161ov - Strawberry city","twitter_description":"Hotels in Pre\u0161ov of the highest quality. See the list of facilities and choose accommodation in the unique Strawberry city.","twitter_misc":{"Est. reading time":"1 minute"},"schema":{"@context":"https:\/\/schema.org","@graph":[{"@type":"WebPage","@id":"https:\/\/jahodovemesto.sk\/en\/accommodation\/hotels\/","url":"https:\/\/jahodovemesto.sk\/en\/accommodation\/hotels\/","name":"Hotels in Pre\u0161ov | Pre\u0161ov - Strawberry city","isPartOf":{"@id":"https:\/\/jahodovemesto.sk\/#website"},"datePublished":"2023-08-04T09:22:11+00:00","dateModified":"2023-08-11T14:01:45+00:00","description":"Hotels in Pre\u0161ov of the highest quality. See the list of facilities and choose accommodation in the unique Strawberry city.","breadcrumb":{"@id":"https:\/\/jahodovemesto.sk\/en\/accommodation\/hotels\/#breadcrumb"},"inLanguage":"en-US","potentialAction":[{"@type":"ReadAction","target":["https:\/\/jahodovemesto.sk\/en\/accommodation\/hotels\/"]}]},{"@type":"BreadcrumbList","@id":"https:\/\/jahodovemesto.sk\/en\/accommodation\/hotels\/#breadcrumb","itemListElement":[{"@type":"ListItem","position":1,"name":"Domovsk\u00e1 str\u00e1nka","item":"https:\/\/jahodovemesto.sk\/en\/"},{"@type":"ListItem","position":2,"name":"Accommodation","item":"https:\/\/jahodovemesto.sk\/en\/accommodation\/"},{"@type":"ListItem","position":3,"name":"Hotels"}]},{"@type":"WebSite","@id":"https:\/\/jahodovemesto.sk\/#website","url":"https:\/\/jahodovemesto.sk\/","name":"Jahodov\u00e9 mesto","description":"","potentialAction":[{"@type":"SearchAction","target":{"@type":"EntryPoint","urlTemplate":"https:\/\/jahodovemesto.sk\/?s={search_term_string}"},"query-input":"required name=search_term_string"}],"inLanguage":"en-US"}]}},"_links":{"self":[{"href":"https:\/\/jahodovemesto.sk\/en\/wp-json\/wp\/v2\/pages\/4736","targetHints":{"allow":["GET"]}}],"collection":[{"href":"https:\/\/jahodovemesto.sk\/en\/wp-json\/wp\/v2\/pages"}],"about":[{"href":"https:\/\/jahodovemesto.sk\/en\/wp-json\/wp\/v2\/types\/page"}],"author":[{"embeddable":true,"href":"https:\/\/jahodovemesto.sk\/en\/wp-json\/wp\/v2\/users\/1"}],"replies":[{"embeddable":true,"href":"https:\/\/jahodovemesto.sk\/en\/wp-json\/wp\/v2\/comments?post=4736"}],"version-history":[{"count":5,"href":"https:\/\/jahodovemesto.sk\/en\/wp-json\/wp\/v2\/pages\/4736\/revisions"}],"predecessor-version":[{"id":5156,"href":"https:\/\/jahodovemesto.sk\/en\/wp-json\/wp\/v2\/pages\/4736\/revisions\/5156"}],"up":[{"embeddable":true,"href":"https:\/\/jahodovemesto.sk\/en\/wp-json\/wp\/v2\/pages\/4729"}],"wp:attachment":[{"href":"https:\/\/jahodovemesto.sk\/en\/wp-json\/wp\/v2\/media?parent=4736"}],"wp:term":[{"taxonomy":"category","embeddable":true,"href":"https:\/\/jahodovemesto.sk\/en\/wp-json\/wp\/v2\/categories?post=4736"},{"taxonomy":"post_tag","embeddable":true,"href":"https:\/\/jahodovemesto.sk\/en\/wp-json\/wp\/v2\/tags?post=4736"}],"curies":[{"name":"wp","href":"https:\/\/api.w.org\/{rel}","templated":true}]}}